{"id":4,"date":"2024-09-17T08:51:46","date_gmt":"2024-09-17T08:51:46","guid":{"rendered":"https:\/\/caligyr.com\/startseite\/"},"modified":"2025-04-07T15:37:41","modified_gmt":"2025-04-07T15:37:41","slug":"startseite","status":"publish","type":"page","link":"https:\/\/caligyr.com\/it\/","title":{"rendered":"Benvenuti a Caligyr"},"content":{"rendered":"<p class=\"has-text-color has-link-color wp-elements-e4eb5dacfacafc7f5cae82c9717f1177\" style=\"color:#4d4f53\">Dal 2021, Caligyr AG continua a gestire il centro di taratura E52 come filiale indipendente e autonoma di Landis+Gyr AG. Siamo sinonimo di misurazioni esatte, massima trasparenza e assoluta neutralit\u00e0 rispetto alla concorrenza: fattori essenziali per una fatturazione energetica precisa ed equa.&nbsp;<\/p>\n\n\n\n<p class=\"has-text-color has-link-color wp-elements-1df432030181efb4c7d9aed5df402baa\" style=\"color:#4d4f53\">Che si tratti di un fornitore di energia, di un operatore di rete o di un'industria, Caligyr AG \u00e8 il vostro partner affidabile per verifiche e calibrazioni precise e conformi alla legge.&nbsp;<\/p>\n\n\n\n<div style=\"height:35px\" aria-hidden=\"true\" class=\"wp-block-spacer\"><\/div>\n\n\n\n<div class=\"wp-block-group has-background is-vertical is-layout-flex wp-container-core-group-is-layout-8cf370e7 wp-block-group-is-layout-flex\" style=\"background-color:#4e50540f\">\n<p><\/p>\n\n\n\n<h2 class=\"wp-block-heading has-text-color has-link-color has-medium-font-size wp-elements-b3228e9802fec1735e4faec4bfc56313\" style=\"color:#7ab800\"><strong>I nostri punti di forza - il vostro vantaggio<\/strong><\/h2>\n\n\n\n<div style=\"height:30px\" aria-hidden=\"true\" class=\"wp-block-spacer wp-container-content-d613cd94\"><\/div>\n\n\n\n<div class=\"wp-block-media-text is-stacked-on-mobile is-vertically-aligned-top\" style=\"grid-template-columns:15% auto\"><figure class=\"wp-block-media-text__media\"><img loading=\"lazy\" decoding=\"async\" width=\"500\" height=\"500\" src=\"https:\/\/caligyr.com\/wp-content\/uploads\/2025\/02\/Untitled-design-33-1.png\" alt=\"\" class=\"wp-image-75 size-full\" srcset=\"https:\/\/caligyr.com\/wp-content\/uploads\/2025\/02\/Untitled-design-33-1.png 500w, https:\/\/caligyr.com\/wp-content\/uploads\/2025\/02\/Untitled-design-33-1-300x300.png 300w, https:\/\/caligyr.com\/wp-content\/uploads\/2025\/02\/Untitled-design-33-1-150x150.png 150w, https:\/\/caligyr.com\/wp-content\/uploads\/2025\/02\/Untitled-design-33-1-100x100.png 100w\" sizes=\"auto, (max-width: 500px) 100vw, 500px\" \/><\/figure><div class=\"wp-block-media-text__content\">\n<p class=\"is-style-default has-text-color has-link-color wp-elements-390ebc65f668b59a054e2ff318de7b1e\" style=\"color:#4d4f53;font-size:16px\"><strong>Tecnologia e competenza<\/strong><\/p>\n\n\n\n<p class=\"has-text-color has-link-color has-custom-transform wp-elements-1994d472f44e292885e858a410bdbfdf\" style=\"color:#4d4f53;text-transform:initial;font-size:14px\">Con sede a Cham, in Svizzera, combiniamo una tecnologia di misura all'avanguardia con un'esperienza approfondita per soddisfare le crescenti esigenze di approvvigionamento energetico.<\/p>\n<\/div><\/div>\n\n\n\n<div style=\"height:0px\" aria-hidden=\"true\" class=\"wp-block-spacer wp-container-content-d613cd94\"><\/div>\n\n\n\n<div class=\"wp-block-media-text is-stacked-on-mobile is-vertically-aligned-top\" style=\"grid-template-columns:15% auto\"><figure class=\"wp-block-media-text__media\"><img loading=\"lazy\" decoding=\"async\" width=\"500\" height=\"500\" src=\"https:\/\/caligyr.com\/wp-content\/uploads\/2025\/02\/Untitled-design-34.png\" alt=\"\" class=\"wp-image-76 size-full\" srcset=\"https:\/\/caligyr.com\/wp-content\/uploads\/2025\/02\/Untitled-design-34.png 500w, https:\/\/caligyr.com\/wp-content\/uploads\/2025\/02\/Untitled-design-34-300x300.png 300w, https:\/\/caligyr.com\/wp-content\/uploads\/2025\/02\/Untitled-design-34-150x150.png 150w, https:\/\/caligyr.com\/wp-content\/uploads\/2025\/02\/Untitled-design-34-100x100.png 100w\" sizes=\"auto, (max-width: 500px) 100vw, 500px\" \/><\/figure><div class=\"wp-block-media-text__content\">\n<p class=\"has-text-color has-link-color wp-elements-efd5046d4808687b5fa41b3a6476c4e1\" style=\"color:#4d4f53;font-size:16px\"><strong>Precisione e conformit\u00e0<\/strong><\/p>\n\n\n\n<p class=\"has-text-color has-link-color wp-elements-c380b241eded1a839a353c16c3d553aa\" style=\"color:#4d4f53;font-size:14px\">Le nostre soluzioni di misurazione soddisfano i pi\u00f9 elevati standard legali, perch\u00e9 i valori di misurazione corretti sono la base per la fiducia e l'equit\u00e0 nel mercato dell'energia.<\/p>\n<\/div><\/div>\n\n\n\n<div style=\"height:0px\" aria-hidden=\"true\" class=\"wp-block-spacer wp-container-content-d613cd94\"><\/div>\n\n\n\n<div class=\"wp-block-media-text is-stacked-on-mobile is-vertically-aligned-top\" style=\"grid-template-columns:15% auto\"><figure class=\"wp-block-media-text__media\"><img loading=\"lazy\" decoding=\"async\" width=\"500\" height=\"500\" src=\"https:\/\/caligyr.com\/wp-content\/uploads\/2025\/02\/Untitled-design-35.png\" alt=\"\" class=\"wp-image-77 size-full\" srcset=\"https:\/\/caligyr.com\/wp-content\/uploads\/2025\/02\/Untitled-design-35.png 500w, https:\/\/caligyr.com\/wp-content\/uploads\/2025\/02\/Untitled-design-35-300x300.png 300w, https:\/\/caligyr.com\/wp-content\/uploads\/2025\/02\/Untitled-design-35-150x150.png 150w, https:\/\/caligyr.com\/wp-content\/uploads\/2025\/02\/Untitled-design-35-100x100.png 100w\" sizes=\"auto, (max-width: 500px) 100vw, 500px\" \/><\/figure><div class=\"wp-block-media-text__content\">\n<p class=\"has-text-color has-link-color wp-elements-b99d98645177a6967c7fc8403df292d2\" style=\"color:#4d4f53;font-size:16px\"><strong>Neutralit\u00e0 certificata<\/strong><\/p>\n\n\n\n<p class=\"has-text-color has-link-color wp-elements-599c9c20198fb2eef5feb1de92a0f295\" style=\"color:#4d4f53;font-size:14px\">Riconosciuti ufficialmente dal METAS (2021), garantiamo imparzialit\u00e0, trasparenza e affidabilit\u00e0 per una taratura equa e precisa.<\/p>\n\n\n\n<p><\/p>\n<\/div><\/div>\n<\/div>\n\n\n\n<blockquote class=\"wp-block-quote is-layout-flow wp-block-quote-is-layout-flow\">\n<div style=\"height:35px\" aria-hidden=\"true\" class=\"wp-block-spacer\"><\/div>\n<\/blockquote>\n\n\n\n<div class=\"wp-block-group has-background is-vertical is-layout-flex wp-container-core-group-is-layout-8cf370e7 wp-block-group-is-layout-flex\" style=\"background-color:#4e50540f\">\n<p><\/p>\n\n\n\n<h2 class=\"wp-block-heading has-text-color has-link-color has-medium-font-size wp-elements-2c4bcc23728092f1124f3e35fadd631b\" style=\"color:#7ab800\"><strong>I nostri servizi <\/strong><\/h2>\n\n\n\n<div style=\"height:0px\" aria-hidden=\"true\" class=\"wp-block-spacer wp-container-content-16d1eb73\"><\/div>\n\n\n\n<p class=\"has-text-color has-link-color wp-elements-2f2821dfeecbb453327d9ac6ce710708\" style=\"color:#4d4f53\"><strong>Compiti sovrani<\/strong> &nbsp;<\/p>\n\n\n\n<p class=\"has-text-color has-link-color wp-elements-facd3ce42af7c3747930c02a12dc76ae\" style=\"color:#4d4f53\">In qualit\u00e0 di centro di verifica competente e indipendente, assumiamo una serie di compiti sovrani in conformit\u00e0 ai requisiti di legge. Tra questi&nbsp;<\/p>\n\n\n\n<p>- Gestione dei lotti e delle ispezioni nell'ambito della procedura di ispezione statistica&nbsp;<\/p>\n\n\n\n<p>- Ricalibrazioni per garantire l'accuratezza delle misure&nbsp;<\/p>\n\n\n\n<p class=\"has-text-color has-link-color wp-elements-3f4a93d465ff31e870032643bc8d8dbc\" style=\"color:#4d4f53\">- Test di verifica per chiarire le deviazioni di misura e i reclami&nbsp;<\/p>\n\n\n\n<p class=\"has-black-color has-text-color has-link-color wp-elements-35092a89089f9edf3e3e6c9ca6ca6dde\">&nbsp;&nbsp;<\/p>\n\n\n\n<p class=\"has-text-color has-link-color wp-elements-53bad89cf92a77d40ef8e584f589a6b8\" style=\"color:#4d4f53\"><strong>Altre attivit\u00e0<\/strong><\/p>\n\n\n\n<p class=\"has-text-color has-link-color wp-elements-450674ab35c4797353737c2a6768a7ee\" style=\"color:#4d4f53\">Oltre ai nostri compiti sovrani, offriamo ulteriori servizi di garanzia della qualit\u00e0:&nbsp;<\/p>\n\n\n\n<p>- Test di accettazione per garantire l'accuratezza della misura prima della messa in servizio&nbsp;<\/p>\n\n\n\n<p>I nostri processi sono precisi, efficienti e soddisfano i pi\u00f9 elevati standard di qualit\u00e0, per un'infrastruttura di misura sicura e affidabile.&nbsp;<\/p>\n\n\n\n<div style=\"height:0px\" aria-hidden=\"true\" class=\"wp-block-spacer wp-container-content-42c95ffb\"><\/div>\n<\/div>\n\n\n\n<div style=\"height:40px\" aria-hidden=\"true\" class=\"wp-block-spacer\"><\/div>\n\n\n\n<h2 class=\"wp-block-heading has-text-color has-link-color has-medium-font-size wp-elements-ee274a8b2a89e8478fab44de2cb5eec6\" style=\"color:#7ab800\"><strong>Storia del centro di calibrazione<\/strong><\/h2>\n\n\n\n<div style=\"height:35px\" aria-hidden=\"true\" class=\"wp-block-spacer\"><\/div>\n\n\n\n<figure class=\"wp-block-image size-large is-style-default\"><img loading=\"lazy\" decoding=\"async\" width=\"1024\" height=\"390\" src=\"https:\/\/caligyr.com\/wp-content\/uploads\/2025\/02\/Website-Caligyr-DE-1024x390.png\" alt=\"\" class=\"wp-image-172\" srcset=\"https:\/\/caligyr.com\/wp-content\/uploads\/2025\/02\/Website-Caligyr-DE-1024x390.png 1024w, https:\/\/caligyr.com\/wp-content\/uploads\/2025\/02\/Website-Caligyr-DE-300x114.png 300w, https:\/\/caligyr.com\/wp-content\/uploads\/2025\/02\/Website-Caligyr-DE-768x292.png 768w, https:\/\/caligyr.com\/wp-content\/uploads\/2025\/02\/Website-Caligyr-DE-18x7.png 18w, https:\/\/caligyr.com\/wp-content\/uploads\/2025\/02\/Website-Caligyr-DE.png 1103w\" sizes=\"auto, (max-width: 706px) 89vw, (max-width: 767px) 82vw, 740px\" \/><\/figure>\n\n\n\n<div style=\"height:35px\" aria-hidden=\"true\" class=\"wp-block-spacer\"><\/div>\n\n\n\n<h2 class=\"wp-block-heading has-text-color has-link-color has-medium-font-size wp-elements-a3f96c8608cc5a58ff464138898200b6\" style=\"color:#7ab800\"><strong>Per saperne di pi\u00f9 sul nostro lavoro<\/strong><\/h2>\n\n\n\n<div style=\"height:35px\" aria-hidden=\"true\" class=\"wp-block-spacer\"><\/div>\n\n\n\n<div class=\"wp-block-coblocks-accordion\">\n<div class=\"wp-block-coblocks-accordion-item\" style=\"color:#4d4f53\"><details><summary class=\"wp-block-coblocks-accordion-item__title has-text-color\" style=\"color:#4d4f53\"><strong>Procedure di test statistici<\/strong><\/summary><div class=\"wp-block-coblocks-accordion-item__content\">\n<p class=\"has-text-color has-link-color wp-elements-9bd1db6499e70f9a517d7dd9adce78f9\" style=\"color:#4d4f53\">Il <strong>Procedure di test statistici<\/strong>, descritto in <strong>Allegato 4 dell'EMmV<\/strong>consente di verificare in modo efficiente l'accuratezza di misurazione dei contatori elettrici senza dover rimuovere ogni singolo contatore. Il controllo viene invece effettuato con un <strong>campione rappresentativo<\/strong>.&nbsp;&nbsp;<\/p>\n\n\n\n<p class=\"has-text-color has-link-color wp-elements-adc419906ab11199bd3dfc7a0ed8ac6a\" style=\"color:#4d4f53;font-size:17px\"><strong>Procedura del test<\/strong><\/p>\n\n\n\n<p class=\"has-text-color has-link-color wp-elements-4d862b99273d3eb766c73ffad63beff9\" style=\"color:#4d4f53\"><strong>Formazione di un lotto:<\/strong><\/p>\n\n\n\n<p class=\"has-text-color has-link-color wp-elements-87bef24b69a1896cd1064506c373ae83\" style=\"color:#4d4f53;font-size:16px\">Un lotto comprende <strong>Massimo 5000 contatori <\/strong>dello stesso tipo e dello stesso anno di fabbricazione.&nbsp;&nbsp;<\/p>\n\n\n\n<p>Pi\u00f9 utenti possono essere rappresentati insieme in un unico lotto.&nbsp;&nbsp;<\/p>\n\n\n\n<p class=\"has-text-color has-link-color wp-elements-0ab6f18ce8106713bd119efee204e8d3\" style=\"color:#4d4f53;font-size:16px\">Ogni utente ha il diritto di sapere quali altri partecipanti fanno parte dello stesso lotto.<\/p>\n\n\n\n<p class=\"has-text-color has-link-color wp-elements-b6859fd892887a0bec54a69166dcce21\" style=\"color:#4d4f53\"><strong>Ispezione ogni cinque anni:<\/strong><\/p>\n\n\n\n<p class=\"has-text-color has-link-color wp-elements-9105335920124a491744ad0e77344037\" style=\"color:#4d4f53\">Un campione casuale viene controllato da un organismo di verifica autorizzato dal METAS.&nbsp;&nbsp;<\/p>\n\n\n\n<p>Se il campione supera il test, la validit\u00e0 della calibrazione dell'intero lotto viene estesa di cinque anni.&nbsp;&nbsp;<\/p>\n\n\n\n<p class=\"has-text-color has-link-color wp-elements-464b063e47d92012d894a7103efdecaf\" style=\"color:#4d4f53\">Se il campione non soddisfa i requisiti EMmV, tutti i contatori del lotto devono essere sostituiti.&nbsp;<\/p>\n\n\n\n<p class=\"has-text-color has-link-color wp-elements-7edf694feea31936af84060ecb4d70d9\" style=\"color:#4d4f53\"><strong>Registrazione della procedura di test: <\/strong><\/p>\n\n\n\n<p class=\"has-text-color has-link-color wp-elements-c6100220aff6d747881489a47f5d6413\" style=\"color:#4d4f53\">La registrazione per la partecipazione deve <strong>entro la fine di giugno del quarto anno dalla produzione <\/strong>del misuratore presso un centro di taratura.&nbsp;&nbsp;<\/p>\n\n\n\n<p class=\"has-text-color has-link-color wp-elements-3b0f63a4f0c79f5c0f3920e00d51f561\" style=\"color:#4d4f53\">Questo processo assicura una garanzia di qualit\u00e0 a costi contenuti, senza gravare inutilmente sull'intera infrastruttura di misura. Ci\u00f2 garantisce l'accuratezza e l'affidabilit\u00e0 della misurazione dell'elettricit\u00e0 a lungo termine.<\/p>\n<\/div><\/details><\/div>\n<\/div>\n\n\n\n<div class=\"wp-block-coblocks-accordion\">\n<div class=\"wp-block-coblocks-accordion-item\" style=\"color:#4d4f53\"><details><summary class=\"wp-block-coblocks-accordion-item__title has-text-color\" style=\"color:#4d4f53\"><strong>Test di accettazione<\/strong><\/summary><div class=\"wp-block-coblocks-accordion-item__content\">\n<p class=\"has-text-color has-link-color wp-elements-a2addc67bc5623ca4db3d9874f5f82ce\" style=\"color:#4d4f53\"><strong>Sicurezza e precisione per i dispositivi di misura<\/strong>&nbsp;<\/p>\n\n\n\n<p class=\"has-text-color has-link-color wp-elements-82b94ea7df45d8e930b27b6c4221d2ae\" style=\"color:#4d4f53\">La qualit\u00e0 degli strumenti di misura \u00e8 fondamentale per una fatturazione accurata, per la conformit\u00e0 alle leggi e per l'affidabilit\u00e0 a lungo termine. Con l'introduzione della Direttiva Europea sugli Strumenti di Misura (MID) il 30 ottobre 2006, il sistema di approvazione e calibrazione negli Stati membri dell'UE \u00e8 stato armonizzato. Tuttavia, la direttiva MID regolamenta solo l'immissione sul mercato degli strumenti di misura. <strong>a <\/strong>Alla vendita continua ad applicarsi la legge nazionale sulle tarature.&nbsp;<\/p>\n\n\n\n<p class=\"has-text-color has-link-color wp-elements-d94000975dca7aef32418398b2a92439\" style=\"color:#4d4f53\"><strong>La vostra responsabilit\u00e0 come utilizzatori di strumenti di misura<\/strong>&nbsp;<\/p>\n\n\n\n<p class=\"has-text-color has-link-color wp-elements-31131517e70503bc65d3726506851857\" style=\"color:#4d4f53\">Se i produttori sono responsabili della qualit\u00e0 del prodotto, anche gli utilizzatori dei dispositivi di misura hanno una responsabilit\u00e0 significativa per l'accuratezza dei valori misurati. Sebbene si possa fare affidamento sulla dichiarazione di conformit\u00e0 del produttore, un ulteriore test di accettazione della qualit\u00e0 offre vantaggi decisivi:&nbsp;<\/p>\n\n\n\n<p class=\"has-text-color has-link-color wp-elements-f2e041015ee8c6a73952be0c91512ca7\" style=\"color:#4d4f53\">- Prova della qualit\u00e0 del prodotto - ricevete una conferma oggettiva che i dispositivi di misura soddisfano gli standard concordati.&nbsp;<\/p>\n\n\n\n<p class=\"has-text-color has-link-color wp-elements-e2c82a520bb1363551a92ca677a6a47a\" style=\"color:#4d4f53\">- Probabilit\u00e0 di accettazione pi\u00f9 elevata per le ispezioni a campione: la qualit\u00e0 verificata riduce il rischio di guasti o deviazioni successive.&nbsp;<\/p>\n\n\n\n<p class=\"has-text-color has-link-color wp-elements-288ee0631dee1a7199624ac771b1b27f\" style=\"color:#4d4f53\">- Una QAP garantisce che i dispositivi di misura forniti soddisfino i requisiti tecnici e legali.&nbsp;<\/p>\n\n\n\n<p class=\"has-text-color has-link-color wp-elements-1f55ed9f9325b1fd132531973b8f4eb3\" style=\"color:#4d4f53\"><strong>Ispezione della qualit\u00e0 individuale e personalizzata<\/strong>&nbsp;<\/p>\n\n\n\n<p class=\"has-text-color has-link-color wp-elements-1b0f2715b19291d97567b40d83ddc46e\" style=\"color:#4d4f53\">Il test di accettazione della qualit\u00e0 si basa su un accordo chiaramente definito tra acquirente e fornitore. Vengono presi in considerazione sia i requisiti legali che i requisiti di qualit\u00e0 individuali. Ci\u00f2 significa che riceverete un'ispezione personalizzata e adattata alle vostre esigenze.&nbsp;<\/p>\n\n\n\n<p class=\"has-text-color has-link-color wp-elements-0d6ec7505de850f3ba3ad6881bafc6f5\" style=\"color:#4d4f53\"><strong>Conclusione:<\/strong> Un test di accettazione della qualit\u00e0 protegge da valori di misura errati, riduce al minimo i rischi e garantisce la massima trasparenza: un investimento in sicurezza e precisione.&nbsp;<\/p>\n<\/div><\/details><\/div>\n<\/div>\n\n\n\n<p><\/p>\n\n\n\n<p><\/p>","protected":false},"excerpt":{"rendered":"<p>Dal 2021, Caligyr AG continua a gestire il centro di taratura E52 come filiale indipendente e autonoma di Landis+Gyr AG. Siamo sinonimo di misurazioni accurate, massima trasparenza e assoluta neutralit\u00e0 rispetto alla concorrenza: fattori essenziali per una fatturazione energetica precisa ed equa.  Che si tratti di un fornitore di energia, di un operatore di rete o di un'industria, Caligyr AG \u00e8 il vostro partner affidabile per calibrazioni precise e conformi alla legge ... <\/p>\n<p class=\"link-more\"><a href=\"https:\/\/caligyr.com\/it\/\" class=\"more-link\">Leggi tutto<span class=\"screen-reader-text\"> \"Benvenuti a Caligyr\"<\/span><\/a><\/p>","protected":false},"author":4,"featured_media":0,"parent":0,"menu_order":0,"comment_status":"closed","ping_status":"closed","template":"","meta":{"_coblocks_attr":"ArialArial,","_coblocks_dimensions":"","_coblocks_responsive_height":"","_coblocks_accordion_ie_support":"","footnotes":""},"class_list":["post-4","page","type-page","status-publish","hentry"],"_links":{"self":[{"href":"https:\/\/caligyr.com\/it\/wp-json\/wp\/v2\/pages\/4","targetHints":{"allow":["GET"]}}],"collection":[{"href":"https:\/\/caligyr.com\/it\/wp-json\/wp\/v2\/pages"}],"about":[{"href":"https:\/\/caligyr.com\/it\/wp-json\/wp\/v2\/types\/page"}],"author":[{"embeddable":true,"href":"https:\/\/caligyr.com\/it\/wp-json\/wp\/v2\/users\/4"}],"replies":[{"embeddable":true,"href":"https:\/\/caligyr.com\/it\/wp-json\/wp\/v2\/comments?post=4"}],"version-history":[{"count":67,"href":"https:\/\/caligyr.com\/it\/wp-json\/wp\/v2\/pages\/4\/revisions"}],"predecessor-version":[{"id":185,"href":"https:\/\/caligyr.com\/it\/wp-json\/wp\/v2\/pages\/4\/revisions\/185"}],"wp:attachment":[{"href":"https:\/\/caligyr.com\/it\/wp-json\/wp\/v2\/media?parent=4"}],"curies":[{"name":"wp","href":"https:\/\/api.w.org\/{rel}","templated":true}]}}